{"id":78,"date":"2018-11-05T21:51:15","date_gmt":"2018-11-05T20:51:15","guid":{"rendered":"http:\/\/lecentralwimereux.fr\/?page_id=78"},"modified":"2019-04-03T22:17:31","modified_gmt":"2019-04-03T20:17:31","slug":"equipements","status":"publish","type":"page","link":"https:\/\/lecentralwimereux.fr\/index.php\/page-d-exemple\/equipements\/","title":{"rendered":"\u00c9quipements"},"content":{"rendered":"\t\t<div data-elementor-type=\"wp-post\" data-elementor-id=\"78\" class=\"elementor elementor-78 elementor-bc-flex-widget\">\n\t\t\t\t\t\t<section class=\"elementor-section elementor-top-section elementor-element elementor-element-53810cd elementor-section-boxed elementor-section-height-default elementor-section-height-default\" data-id=\"53810cd\" data-element_type=\"section\" data-e-type=\"section\">\n\t\t\t\t\t\t<div class=\"elementor-container elementor-column-gap-default\">\n\t\t\t\t\t<div class=\"elementor-column elementor-col-33 elementor-top-column elementor-element elementor-element-4ebc35b\" data-id=\"4ebc35b\" data-element_type=\"column\" data-e-type=\"column\">\n\t\t\t<div class=\"elementor-widget-wrap elementor-element-populated\">\n\t\t\t\t\t\t<div class=\"elementor-element elementor-element-b2bcc9f elementor-view-default elementor-position-block-start elementor-mobile-position-block-start elementor-widget elementor-widget-icon-box\" data-id=\"b2bcc9f\" data-element_type=\"widget\" data-e-type=\"widget\" data-widget_type=\"icon-box.default\">\n\t\t\t\t<div class=\"elementor-widget-container\">\n\t\t\t\t\t\t\t<div class=\"elementor-icon-box-wrapper\">\n\n\t\t\t\t\t\t<div class=\"elementor-icon-box-icon\">\n\t\t\t\t<span  class=\"elementor-icon\">\n\t\t\t\t<i class=\"fa fa-users\" aria-hidden=\"true\"><\/i>\t\t\t\t<\/span>\n\t\t\t<\/div>\n\t\t\t\n\t\t\t\t\t\t<div class=\"elementor-icon-box-content\">\n\n\t\t\t\t\t\t\t\t\t<h3 class=\"elementor-icon-box-title\">\n\t\t\t\t\t\t<span  >\n\t\t\t\t\t\t\t07\t\t\t\t\t\t<\/span>\n\t\t\t\t\t<\/h3>\n\t\t\t\t\n\t\t\t\t\t\t\t\t\t<p class=\"elementor-icon-box-description\">\n\t\t\t\t\t\tL'appartement permet d'accueillir <br>jusqu'\u00e0 7 personnes<br>r\u00e9partis en 3 chambres<br>Id\u00e9al 2 Couples + 3  enfants et 1 b\u00e9b\u00e9,<br>en famille ou entre amis<br><br><br>\t\t\t\t\t<\/p>\n\t\t\t\t\n\t\t\t<\/div>\n\t\t\t\n\t\t<\/div>\n\t\t\t\t\t\t<\/div>\n\t\t\t\t<\/div>\n\t\t\t\t\t<\/div>\n\t\t<\/div>\n\t\t\t\t<div class=\"elementor-column elementor-col-33 elementor-top-column elementor-element elementor-element-ccbd438\" data-id=\"ccbd438\" data-element_type=\"column\" data-e-type=\"column\">\n\t\t\t<div class=\"elementor-widget-wrap elementor-element-populated\">\n\t\t\t\t\t\t<div class=\"elementor-element elementor-element-f446536 elementor-view-default elementor-position-block-start elementor-mobile-position-block-start elementor-widget elementor-widget-icon-box\" data-id=\"f446536\" data-element_type=\"widget\" data-e-type=\"widget\" data-widget_type=\"icon-box.default\">\n\t\t\t\t<div class=\"elementor-widget-container\">\n\t\t\t\t\t\t\t<div class=\"elementor-icon-box-wrapper\">\n\n\t\t\t\t\t\t<div class=\"elementor-icon-box-icon\">\n\t\t\t\t<span  class=\"elementor-icon\">\n\t\t\t\t<i class=\"fa fa-bed\" aria-hidden=\"true\"><\/i>\t\t\t\t<\/span>\n\t\t\t<\/div>\n\t\t\t\n\t\t\t\t\t\t<div class=\"elementor-icon-box-content\">\n\n\t\t\t\t\t\t\t\t\t<h3 class=\"elementor-icon-box-title\">\n\t\t\t\t\t\t<span  >\n\t\t\t\t\t\t\t05\t\t\t\t\t\t<\/span>\n\t\t\t\t\t<\/h3>\n\t\t\t\t\n\t\t\t\t\t\t\t\t\t<p class=\"elementor-icon-box-description\">\n\t\t\t\t\t\t2 Lits Queen Size 160x200cm<br>3 lits superpos\u00e9s 90x190 cm<br><br>Lit b\u00e9b\u00e9 60x120cm\t\t\t\t\t<\/p>\n\t\t\t\t\n\t\t\t<\/div>\n\t\t\t\n\t\t<\/div>\n\t\t\t\t\t\t<\/div>\n\t\t\t\t<\/div>\n\t\t\t\t\t<\/div>\n\t\t<\/div>\n\t\t\t\t<div class=\"elementor-column elementor-col-33 elementor-top-column elementor-element elementor-element-5e34e8d\" data-id=\"5e34e8d\" data-element_type=\"column\" data-e-type=\"column\">\n\t\t\t<div class=\"elementor-widget-wrap elementor-element-populated\">\n\t\t\t\t\t\t<div class=\"elementor-element elementor-element-303d47f elementor-view-default elementor-position-block-start elementor-mobile-position-block-start elementor-widget elementor-widget-icon-box\" data-id=\"303d47f\" data-element_type=\"widget\" data-e-type=\"widget\" data-widget_type=\"icon-box.default\">\n\t\t\t\t<div class=\"elementor-widget-container\">\n\t\t\t\t\t\t\t<div class=\"elementor-icon-box-wrapper\">\n\n\t\t\t\t\t\t<div class=\"elementor-icon-box-icon\">\n\t\t\t\t<span  class=\"elementor-icon\">\n\t\t\t\t<i class=\"fa fa-bath\" aria-hidden=\"true\"><\/i>\t\t\t\t<\/span>\n\t\t\t<\/div>\n\t\t\t\n\t\t\t\t\t\t<div class=\"elementor-icon-box-content\">\n\n\t\t\t\t\t\t\t\t\t<h3 class=\"elementor-icon-box-title\">\n\t\t\t\t\t\t<span  >\n\t\t\t\t\t\t\t01\t\t\t\t\t\t<\/span>\n\t\t\t\t\t<\/h3>\n\t\t\t\t\n\t\t\t\t\t\t\t\t\t<p class=\"elementor-icon-box-description\">\n\t\t\t\t\t\tGrande salle de bains avec vaste douche \u00e0 l'italienne et grande baignoire\t\t\t\t\t<\/p>\n\t\t\t\t\n\t\t\t<\/div>\n\t\t\t\n\t\t<\/div>\n\t\t\t\t\t\t<\/div>\n\t\t\t\t<\/div>\n\t\t\t\t\t<\/div>\n\t\t<\/div>\n\t\t\t\t\t<\/div>\n\t\t<\/section>\n\t\t\t\t<section class=\"elementor-section elementor-top-section elementor-element elementor-element-c9eae2a elementor-section-boxed elementor-section-height-default elementor-section-height-default\" data-id=\"c9eae2a\" data-element_type=\"section\" data-e-type=\"section\">\n\t\t\t\t\t\t<div class=\"elementor-container elementor-column-gap-default\">\n\t\t\t\t\t<div class=\"elementor-column elementor-col-100 elementor-top-column elementor-element elementor-element-055bf4c\" data-id=\"055bf4c\" data-element_type=\"column\" data-e-type=\"column\">\n\t\t\t<div class=\"elementor-widget-wrap elementor-element-populated\">\n\t\t\t\t\t\t<div class=\"elementor-element elementor-element-441b544 elementor-widget elementor-widget-text-editor\" data-id=\"441b544\" data-element_type=\"widget\" data-e-type=\"widget\" data-widget_type=\"text-editor.default\">\n\t\t\t\t<div class=\"elementor-widget-container\">\n\t\t\t\t\t\t\t\t\t<h3>Pour un maximum de convivialit\u00e9, une vaste pi\u00e8ce de vie lumineuse et chaleureuse rassemble la cuisine ouverte, la salle \u00e0 manger et le salon.<\/h3><div>\u00a0<\/div><h5>Salon<\/h5><div>Canap\u00e9, Fauteuils, Plaids, Poufs<\/div><div>TV \u00e9cran plat connect\u00e9e avec nombreuses cha\u00eenes internationales<\/div><div>Box TV avec acc\u00e8s YouTube, Deezer, etc.<\/div><div>Biblioth\u00e8que<\/div><div>\u00a0<\/div><div><h5>Cuisine<\/h5><div>Cuisine ultra-\u00e9quip\u00e9e avec table de cuisson \u00e0 induction, hotte aspirante, four multi-fonctions, r\u00e9frig\u00e9rateur top, cong\u00e9lateur top, micro-onde encastr\u00e9, lave-vaisselle, cafeti\u00e8re dolce gusto, bouilloire, grille-pain, batterie de cuisine, vaisselle, cuiseur-vapeur chauffe petits pots et biberons, etc.<\/div><div>Nombreux rangements<\/div><div>Ingr\u00e9dients de base fournis<\/div><div>Grand plan de travail pour cuisiner !<\/div><div>\u00a0<\/div><div><h5>Salle \u00e0 manger<\/h5><div>Table avec 7 vraies places assises + chaise haute b\u00e9b\u00e9<\/div><\/div><div>\u00a0<\/div><\/div><div><h5>Chambre 01 &#8211; c\u00f4t\u00e9 rue<\/h5><div>1 Lit Queen Size 160x200cm<\/div><div>Literie de qualit\u00e9 sup\u00e9rieure, couchage ferme, protections anti-acariens<\/div><div>4 oreillers<\/div><div>1 couette 4 saisons<\/div><div>T\u00eate de lit avec \u00e9clairage d&rsquo;appoint<\/div><div>1 portant v\u00eatements avec cintres<\/div><div>1 TV<\/div><div>Rideaux Occultants<\/div><div>1 Lit b\u00e9b\u00e9 60x120cm<\/div><div>1 Table \u00e0 langer<\/div><div>\u00a0<\/div><div><h5>Chambre 02 &#8211; c\u00f4t\u00e9 cour<\/h5><div>1 Lit Queen Size 160x200cm<\/div><div>Literie de qualit\u00e9 sup\u00e9rieure, couchage ferme, protections anti-acariens<\/div><div>4 oreillers<\/div><p>1 couette 4 saisons<\/p><p>T\u00eate de lit avec \u00e9clairage d&rsquo;appoint<\/p><p>1 TV<\/p><p>Rideaux occultants<\/p><\/div><div><h5>Chambre 03 &#8211; c\u00f4t\u00e9 cour<\/h5><\/div><div><div>3 Lits superpos\u00e9s 90x190cm<\/div><div>Literie de qualit\u00e9 sup\u00e9rieure, couchage ferme, protections anti-acariens<\/div><div>6 oreillers<\/div><div>3 couettes 4 saisons<\/div><div>Les 2 couchages en hauteur sont r\u00e9serv\u00e9s aux enfants de plus de 6 ans.<\/div><div>Les jeunes enfants adoreront le lit du bas \u00ab\u00a0effet cabane garanti\u00a0\u00bb<\/div><div>Rideaux occultants<\/div><div>Kit de survie pour journ\u00e9es pluvieuses : Jeux de soci\u00e9t\u00e9, livres et coloriages<\/div><div>\u00a0<\/div><\/div><div><h5>Salle de bains<\/h5><div>1 douche 140x90cm<\/div><div>1 baignoire 170x70cm<\/div><div>1 Meuble vasque<\/div><div>S\u00e8che-cheveux<\/div><div>Miroir avec \u00e9clairage int\u00e9gr\u00e9<\/div><div>S\u00e8che-serviettes \u00e9lectrique avec soufflerie<\/div><div>Trousse de secours<\/div><div>1 baignoire b\u00e9b\u00e9 au besoin<\/div><div>\u00a0<\/div><div><h5>wc<\/h5><div>Wc ind\u00e9pendant<\/div><div>Lave-mains avec eau chaude<\/div><div>\u00a0<\/div><div><h5>Buanderie<\/h5><div>Lave-linge s\u00e9chant<\/div><div>Fer et table \u00e0 repasser<\/div><div>Adoucisseur d&rsquo;eau<\/div><div>Portes-manteaux<\/div><div>\u00a0<\/div><div><h5>B\u00e9b\u00e9s<\/h5><\/div><div>Nous mettons \u00e0 votre disposition une chaise haute, un lit parapluie, une table \u00e0 langer, une petite baignoire, une vaisselle adapt\u00e9e pour les bambins, un cuiseur-vapeur et mixeur, un pot, des jeux (trains, cubes, coloriages, etc.)<\/div><p>Nous favorisons les voyages l\u00e9gers des parents d\u00e9bord\u00e9s pour des vacances Z\u00e9ro Stress !\u00a0<\/p><div><h5>Acoustique<\/h5><div>Pour votre confort, les fen\u00eatres sont \u00e9quip\u00e9s de doubles vitrages acoustiques ultra-performants !<\/div><\/div><div>\u00a0<\/div><div><h5>Chauffage<\/h5><div>L&rsquo;ensemble du logement est \u00e9quip\u00e9 de radiateurs \u00e9lectriques \u00e0 inertie avec thermostat d&rsquo;ambiance et programmateur.<\/div><div>\u00a0<\/div><\/div><\/div><\/div><\/div><\/div><div><h5>Internet<\/h5><div>Wi-Fi gratuit<\/div><div>Prise Ethernet pour connecter un ordinateur portable id\u00e9al travailleurs en d\u00e9placement<\/div><div>\u00a0<\/div><div><h5>Linge de maison<\/h5><div>Parures de lits<\/div><div>Torchons, Essuie-mains<\/div><div>Serviettes de toilettes et de douches fournis<\/div><div>\u00a0<\/div><\/div><h6>R\u00e8glement int\u00e9rieur<\/h6><div><b>X<\/b> Animaux non-admis<\/div><div><b>X<\/b> Soir\u00e9es \/ \u00e9v\u00e8nements diurnes ou nocturnes non autoris\u00e9s<\/div><div><b>X<\/b> Logement et parties communes non-fumeurs<\/div><div>\u00a0<\/div><\/div><div>\u00a0<\/div>\t\t\t\t\t\t\t\t<\/div>\n\t\t\t\t<\/div>\n\t\t\t\t\t<\/div>\n\t\t<\/div>\n\t\t\t\t\t<\/div>\n\t\t<\/section>\n\t\t\t\t<section class=\"elementor-section elementor-top-section elementor-element elementor-element-7441ea8 elementor-section-boxed elementor-section-height-default elementor-section-height-default\" data-id=\"7441ea8\" data-element_type=\"section\" data-e-type=\"section\">\n\t\t\t\t\t\t<div class=\"elementor-container elementor-column-gap-default\">\n\t\t\t\t\t<div class=\"elementor-column elementor-col-33 elementor-top-column elementor-element elementor-element-324c16c\" data-id=\"324c16c\" data-element_type=\"column\" data-e-type=\"column\">\n\t\t\t<div class=\"elementor-widget-wrap elementor-element-populated\">\n\t\t\t\t\t\t<div class=\"elementor-element elementor-element-34524ff elementor-view-default elementor-widget elementor-widget-icon\" data-id=\"34524ff\" data-element_type=\"widget\" data-e-type=\"widget\" data-widget_type=\"icon.default\">\n\t\t\t\t<div class=\"elementor-widget-container\">\n\t\t\t\t\t\t\t<div class=\"elementor-icon-wrapper\">\n\t\t\t<div class=\"elementor-icon\">\n\t\t\t\t\t\t\t<i class=\"fa fa-quote-left\" aria-hidden=\"true\"><\/i>\n\t\t\t\t\t\t<\/div>\n\t\t<\/div>\n\t\t\t\t\t\t<\/div>\n\t\t\t\t<\/div>\n\t\t\t\t\t<\/div>\n\t\t<\/div>\n\t\t\t\t<div class=\"elementor-column elementor-col-66 elementor-top-column elementor-element elementor-element-0713f09\" data-id=\"0713f09\" data-element_type=\"column\" data-e-type=\"column\">\n\t\t\t<div class=\"elementor-widget-wrap elementor-element-populated\">\n\t\t\t\t\t\t<div class=\"elementor-element elementor-element-c66a27d elementor-widget elementor-widget-text-editor\" data-id=\"c66a27d\" data-element_type=\"widget\" data-e-type=\"widget\" data-widget_type=\"text-editor.default\">\n\t\t\t\t<div class=\"elementor-widget-container\">\n\t\t\t\t\t\t\t\t\t<h6>Un appartement fonctionnel, lumineux et bien \u00e9quip\u00e9 !<\/h6>\t\t\t\t\t\t\t\t<\/div>\n\t\t\t\t<\/div>\n\t\t\t\t\t<\/div>\n\t\t<\/div>\n\t\t\t\t\t<\/div>\n\t\t<\/section>\n\t\t\t\t<\/div>\n\t\t","protected":false},"excerpt":{"rendered":"<p>07 L&rsquo;appartement permet d&rsquo;accueillir jusqu&rsquo;\u00e0 7 personnesr\u00e9partis en 3 chambresId\u00e9al 2 Couples + 3 enfants et 1 b\u00e9b\u00e9,en famille ou entre amis 05 2 Lits Queen Size 160x200cm3 lits superpos\u00e9s 90&#215;190 cm Lit b\u00e9b\u00e9 60x120cm 01 Grande salle de bains avec vaste douche \u00e0 l&rsquo;italienne et grande baignoire Pour un maximum de convivialit\u00e9, une vaste pi\u00e8ce de vie lumineuse et chaleureuse rassemble la cuisine ouverte, la salle \u00e0 manger et le salon. \u00a0 Salon Canap\u00e9, Fauteuils, Plaids, PoufsTV \u00e9cran plat connect\u00e9e avec nombreuses cha\u00eenes internationalesBox TV avec acc\u00e8s YouTube, Deezer, etc.Biblioth\u00e8que\u00a0 Cuisine Cuisine ultra-\u00e9quip\u00e9e avec table de cuisson \u00e0 induction, hotte aspirante, four multi-fonctions, r\u00e9frig\u00e9rateur top, cong\u00e9lateur top, micro-onde encastr\u00e9, lave-vaisselle, cafeti\u00e8re dolce gusto, bouilloire, grille-pain, batterie de cuisine, vaisselle, cuiseur-vapeur chauffe petits pots et biberons, etc.Nombreux rangementsIngr\u00e9dients de base fournisGrand plan de travail pour cuisiner !\u00a0 Salle \u00e0 manger Table avec 7 vraies places assises + chaise haute b\u00e9b\u00e9\u00a0 Chambre 01 &#8211; c\u00f4t\u00e9 rue 1 Lit Queen Size 160x200cmLiterie de qualit\u00e9 sup\u00e9rieure, couchage ferme, protections anti-acariens4 oreillers1 couette 4 saisonsT\u00eate de lit avec \u00e9clairage d&rsquo;appoint1 portant v\u00eatements avec cintres1 TVRideaux Occultants1 Lit b\u00e9b\u00e9 60x120cm1 Table \u00e0 langer\u00a0 Chambre 02 &#8211; c\u00f4t\u00e9 cour 1 Lit Queen Size 160x200cmLiterie de qualit\u00e9 sup\u00e9rieure, couchage ferme, protections anti-acariens4 oreillers 1 couette 4 saisons T\u00eate de lit avec \u00e9clairage d&rsquo;appoint 1 TV Rideaux occultants Chambre 03 &#8211; c\u00f4t\u00e9 cour 3 Lits superpos\u00e9s 90x190cmLiterie de qualit\u00e9 sup\u00e9rieure, couchage ferme, protections anti-acariens6 oreillers3 couettes 4 saisonsLes 2 couchages en hauteur sont r\u00e9serv\u00e9s aux enfants de plus de 6 ans.Les jeunes enfants adoreront le lit du bas \u00ab\u00a0effet cabane garanti\u00a0\u00bbRideaux occultantsKit de survie pour journ\u00e9es pluvieuses : Jeux de soci\u00e9t\u00e9, livres et coloriages\u00a0 Salle de bains 1 douche 140x90cm1 baignoire 170x70cm1 Meuble vasqueS\u00e8che-cheveuxMiroir avec \u00e9clairage int\u00e9gr\u00e9S\u00e8che-serviettes \u00e9lectrique avec soufflerieTrousse de secours1 baignoire b\u00e9b\u00e9 au besoin\u00a0 wc Wc ind\u00e9pendantLave-mains avec eau chaude\u00a0 Buanderie Lave-linge s\u00e9chantFer et table \u00e0 repasserAdoucisseur d&rsquo;eauPortes-manteaux\u00a0 B\u00e9b\u00e9s Nous mettons \u00e0 votre disposition une chaise haute, un lit parapluie, une table \u00e0 langer, une petite baignoire, une vaisselle adapt\u00e9e pour les bambins, un cuiseur-vapeur et mixeur, un pot, des jeux (trains, cubes, coloriages, etc.) Nous favorisons les voyages l\u00e9gers des parents d\u00e9bord\u00e9s pour des vacances Z\u00e9ro Stress !\u00a0 Acoustique Pour votre confort, les fen\u00eatres sont \u00e9quip\u00e9s de doubles vitrages acoustiques ultra-performants !\u00a0 Chauffage L&rsquo;ensemble du logement est \u00e9quip\u00e9 de radiateurs \u00e9lectriques \u00e0 inertie avec thermostat d&rsquo;ambiance et programmateur.\u00a0 Internet Wi-Fi gratuitPrise Ethernet pour connecter un ordinateur portable id\u00e9al travailleurs en d\u00e9placement\u00a0 Linge de maison Parures de litsTorchons, Essuie-mainsServiettes de toilettes et de douches fournis\u00a0 R\u00e8glement int\u00e9rieur X Animaux non-admisX Soir\u00e9es \/ \u00e9v\u00e8nements diurnes ou nocturnes non autoris\u00e9sX Logement et parties communes non-fumeurs\u00a0\u00a0 Un appartement fonctionnel, lumineux et bien \u00e9quip\u00e9 !<\/p>\n","protected":false},"author":1,"featured_media":0,"parent":2,"menu_order":0,"comment_status":"closed","ping_status":"closed","template":"","meta":{"footnotes":""},"class_list":["post-78","page","type-page","status-publish","hentry"],"_links":{"self":[{"href":"https:\/\/lecentralwimereux.fr\/index.php\/wp-json\/wp\/v2\/pages\/78","targetHints":{"allow":["GET"]}}],"collection":[{"href":"https:\/\/lecentralwimereux.fr\/index.php\/wp-json\/wp\/v2\/pages"}],"about":[{"href":"https:\/\/lecentralwimereux.fr\/index.php\/wp-json\/wp\/v2\/types\/page"}],"author":[{"embeddable":true,"href":"https:\/\/lecentralwimereux.fr\/index.php\/wp-json\/wp\/v2\/users\/1"}],"replies":[{"embeddable":true,"href":"https:\/\/lecentralwimereux.fr\/index.php\/wp-json\/wp\/v2\/comments?post=78"}],"version-history":[{"count":11,"href":"https:\/\/lecentralwimereux.fr\/index.php\/wp-json\/wp\/v2\/pages\/78\/revisions"}],"predecessor-version":[{"id":315,"href":"https:\/\/lecentralwimereux.fr\/index.php\/wp-json\/wp\/v2\/pages\/78\/revisions\/315"}],"up":[{"embeddable":true,"href":"https:\/\/lecentralwimereux.fr\/index.php\/wp-json\/wp\/v2\/pages\/2"}],"wp:attachment":[{"href":"https:\/\/lecentralwimereux.fr\/index.php\/wp-json\/wp\/v2\/media?parent=78"}],"curies":[{"name":"wp","href":"https:\/\/api.w.org\/{rel}","templated":true}]}}